{"id":259,"date":"2021-04-10T20:17:37","date_gmt":"2021-04-10T18:17:37","guid":{"rendered":"http:\/\/wordpress2154616.home.pl\/autoinstalator\/wordpressplugins\/?page_id=259"},"modified":"2021-04-11T17:02:44","modified_gmt":"2021-04-11T15:02:44","slug":"oferta","status":"publish","type":"page","link":"http:\/\/h41.pl\/?page_id=259","title":{"rendered":"Oferta"},"content":{"rendered":"\n<div class=\"wp-block-media-text alignwide is-stacked-on-mobile is-vertically-aligned-top\"><figure class=\"wp-block-media-text__media\"><img loading=\"lazy\" decoding=\"async\" width=\"682\" height=\"1024\" src=\"http:\/\/wordpress2154616.home.pl\/autoinstalator\/wordpressplugins\/wp-content\/uploads\/2021\/04\/woman-5458524_1920-682x1024.jpg\" alt=\"\" class=\"wp-image-289 size-full\" srcset=\"http:\/\/h41.pl\/wp-content\/uploads\/2021\/04\/woman-5458524_1920-682x1024.jpg 682w, http:\/\/h41.pl\/wp-content\/uploads\/2021\/04\/woman-5458524_1920-200x300.jpg 200w, http:\/\/h41.pl\/wp-content\/uploads\/2021\/04\/woman-5458524_1920-768x1154.jpg 768w, http:\/\/h41.pl\/wp-content\/uploads\/2021\/04\/woman-5458524_1920.jpg 850w\" sizes=\"auto, (max-width: 682px) 100vw, 682px\" \/><\/figure><div class=\"wp-block-media-text__content\">\n<p class=\"has-small-font-size\">+ szycie zas\u0142on oraz firan wraz z monta\u017cem u klienta <\/p>\n\n\n\n<p class=\"has-small-font-size\">+ szycie rolet rzymskich <\/p>\n\n\n\n<p class=\"has-small-font-size\">+ dob\u00f3r tkanin <\/p>\n\n\n\n<p class=\"has-small-font-size\">+ doradztwo w wyborze dekoracji wn\u0119trz <\/p>\n\n\n\n<p class=\"has-small-font-size\">+ na \u017cyczenie klienta tworzymy wizualizacje wn\u0119trza wraz z wybranymi tkaninami <\/p>\n\n\n\n<p class=\"has-small-font-size\">+ pomiary i monta\u017ce szyn i karniszy <\/p>\n\n\n\n<p class=\"has-small-font-size\">+ dojazd do klienta na prezentacj\u0119 i wyb\u00f3r tkanin <\/p>\n\n\n\n<p class=\"has-small-font-size\">+ indywidualna realizacje<\/p>\n\n\n\n<p class=\"has-small-font-size\">+ na \u017cyczenie klienta tworzymy dodatki do wn\u0119trz tak, by stworzy\u0107 sp\u00f3jn\u0105 przestrze\u0144<\/p>\n\n\n\n<p><\/p>\n\n\n\n<p>ZAPRASZAMY!<\/p>\n<\/div><\/div>\n","protected":false},"excerpt":{"rendered":"<p>+ szycie zas\u0142on oraz firan wraz z monta\u017cem u klienta + szycie rolet rzymskich + dob\u00f3r tkanin + doradztwo w wyborze dekoracji wn\u0119trz + na \u017cyczenie klienta tworzymy wizualizacje wn\u0119trza wraz z wybranymi tkaninami + pomiary i monta\u017ce szyn i karniszy + dojazd do klienta na prezentacj\u0119 i wyb\u00f3r tkanin + indywidualna realizacje + na &hellip; <\/p>\n","protected":false},"author":1,"featured_media":0,"parent":0,"menu_order":0,"comment_status":"closed","ping_status":"closed","template":"elementor_theme","meta":{"footnotes":""},"class_list":["post-259","page","type-page","status-publish","hentry"],"_links":{"self":[{"href":"http:\/\/h41.pl\/index.php?rest_route=\/wp\/v2\/pages\/259","targetHints":{"allow":["GET"]}}],"collection":[{"href":"http:\/\/h41.pl\/index.php?rest_route=\/wp\/v2\/pages"}],"about":[{"href":"http:\/\/h41.pl\/index.php?rest_route=\/wp\/v2\/types\/page"}],"author":[{"embeddable":true,"href":"http:\/\/h41.pl\/index.php?rest_route=\/wp\/v2\/users\/1"}],"replies":[{"embeddable":true,"href":"http:\/\/h41.pl\/index.php?rest_route=%2Fwp%2Fv2%2Fcomments&post=259"}],"version-history":[{"count":5,"href":"http:\/\/h41.pl\/index.php?rest_route=\/wp\/v2\/pages\/259\/revisions"}],"predecessor-version":[{"id":291,"href":"http:\/\/h41.pl\/index.php?rest_route=\/wp\/v2\/pages\/259\/revisions\/291"}],"wp:attachment":[{"href":"http:\/\/h41.pl\/index.php?rest_route=%2Fwp%2Fv2%2Fmedia&parent=259"}],"curies":[{"name":"wp","href":"https:\/\/api.w.org\/{rel}","templated":true}]}}